{"id":382,"date":"2018-08-21T15:09:31","date_gmt":"2018-08-21T13:09:31","guid":{"rendered":"http:\/\/irimi.pl\/?page_id=382"},"modified":"2021-12-14T14:39:21","modified_gmt":"2021-12-14T14:39:21","slug":"egzaminy-na-stopnie-kyu-i-dan","status":"publish","type":"page","link":"https:\/\/irimi.pl\/index.php\/egzaminy-na-stopnie-kyu-i-dan\/","title":{"rendered":"Egzaminy na stopnie kyu i dan"},"content":{"rendered":"<p>W Aikido nie s\u0105 organizowane mistrzostwa czy zawody.\u00a0Jedn\u0105 z\u00a0 form potwierdzenia swoich umiej\u0119tno\u015bci s\u0105 egzaminy na stopnie &#8222;Kyu&#8221; oraz &#8222;Dan&#8221;.<\/p>\n<p>Stopnie &#8222;Kyu&#8221; s\u0105 to stopnie uczniowskie zaliczane w odwrotnej kolejno\u015bci od najwy\u017cszego (np. 10 Kyu) do najni\u017cszego (1 Kyu). \u00a0Stopnie &#8222;Dan&#8221; s\u0105 ju\u017c stopniami mistrzowskimi i ich hierarchia jest ustalona od najni\u017cszego (1 Dan) do najwy\u017cszego. Stopnie &#8222;Dan&#8221; wi\u0105\u017c\u0105 si\u0119 ju\u017c z posiadaniem czarnego pasa.<\/p>\n<blockquote>\n<p>Dla grup dzieci\u0119cych stopnie &#8222;Kyu&#8221; wi\u0105\u017c\u0105 si\u0119 z posiadaniem i noszeniem na treningu kolorowego pasa.<\/p>\n<p>W grupie doros\u0142ych noszone s\u0105 tylko pasy bia\u0142e, br\u0105zowe oraz czarne.<\/p>\n<\/blockquote>\n<p>Egzaminy s\u0105 przeprowadzane 2 razy w roku, o przyst\u0105pieniu do nich decyduje instruktor prowadz\u0105cy sekcj\u0119.<\/p>\n<p>Wymagania egzaminacyjne DZIECI na stopnie 10 kyu &#8211; 3 kyu<\/p>\n<ul>\n<li><a href=\"http:\/\/irimi.pl\/wp-content\/uploads\/2020\/01\/techniki-dzieci-YSA-dla-dzieci.pdf\">Techniki egzaminacyjne YSA &#8211; dla dzieci<\/a><\/li>\n<\/ul>\n<p>Wymagania egzaminacyjne DORO\u015aLI na stopnie kyu i dan<\/p>\n<ul>\n<li><a href=\"http:\/\/irimi.pl\/wp-content\/uploads\/2018\/08\/techniki-egzaminacyjne-YSA-dla-doroslych.pdf\">Techniki egzaminacyjne YSA &#8211; dla doros\u0142ych<\/a><\/li>\n<li><a href=\"https:\/\/www.yoshinkan.net\/05images\/_pdf\/sinsakamoku2021E.pdf\">Techniki egzaminacyjne HONBU &#8211; dla doros\u0142ych<\/a><\/li>\n<\/ul>\n\n\n<p><\/p>\n","protected":false},"excerpt":{"rendered":"<p>W Aikido nie s\u0105 organizowane mistrzostwa czy zawody.\u00a0Jedn\u0105 z\u00a0 form potwierdzenia swoich umiej\u0119tno\u015bci s\u0105 egzaminy na stopnie &#8222;Kyu&#8221; oraz &#8222;Dan&#8221;. Stopnie &#8222;Kyu&#8221; s\u0105 to stopnie uczniowskie zaliczane w odwrotnej kolejno\u015bci od najwy\u017cszego (np. 10 Kyu) do najni\u017cszego (1 Kyu). \u00a0Stopnie &#8222;Dan&#8221; s\u0105 ju\u017c stopniami mistrzowskimi i ich hierarchia jest ustalona od najni\u017cszego (1 Dan) do &hellip; <a href=\"https:\/\/irimi.pl\/index.php\/egzaminy-na-stopnie-kyu-i-dan\/\" class=\"more-link\">Czytaj dalej <span class=\"screen-reader-text\">Egzaminy na stopnie kyu i dan<\/span> <span class=\"meta-nav\">&rarr;<\/span><\/a><\/p>\n","protected":false},"author":2,"featured_media":0,"parent":0,"menu_order":0,"comment_status":"closed","ping_status":"closed","template":"","meta":{"footnotes":""},"class_list":["post-382","page","type-page","status-publish","hentry"],"_links":{"self":[{"href":"https:\/\/irimi.pl\/index.php\/wp-json\/wp\/v2\/pages\/382","targetHints":{"allow":["GET"]}}],"collection":[{"href":"https:\/\/irimi.pl\/index.php\/wp-json\/wp\/v2\/pages"}],"about":[{"href":"https:\/\/irimi.pl\/index.php\/wp-json\/wp\/v2\/types\/page"}],"author":[{"embeddable":true,"href":"https:\/\/irimi.pl\/index.php\/wp-json\/wp\/v2\/users\/2"}],"replies":[{"embeddable":true,"href":"https:\/\/irimi.pl\/index.php\/wp-json\/wp\/v2\/comments?post=382"}],"version-history":[{"count":2,"href":"https:\/\/irimi.pl\/index.php\/wp-json\/wp\/v2\/pages\/382\/revisions"}],"predecessor-version":[{"id":4119,"href":"https:\/\/irimi.pl\/index.php\/wp-json\/wp\/v2\/pages\/382\/revisions\/4119"}],"wp:attachment":[{"href":"https:\/\/irimi.pl\/index.php\/wp-json\/wp\/v2\/media?parent=382"}],"curies":[{"name":"wp","href":"https:\/\/api.w.org\/{rel}","templated":true}]}}