{"id":26,"date":"2018-03-28T23:07:10","date_gmt":"2018-03-28T21:07:10","guid":{"rendered":"http:\/\/irimi.pl\/?page_id=26"},"modified":"2025-11-02T19:26:04","modified_gmt":"2025-11-02T19:26:04","slug":"treningi-htm","status":"publish","type":"page","link":"https:\/\/irimi.pl\/index.php\/treningi-htm\/","title":{"rendered":"Treningi"},"content":{"rendered":"<p>Zaj\u0119cia w sezonie 2024\/2025 Yoshinkan Seiseikai Aikido odbywaj\u0105 si\u0119:<\/p>\n<h4><b>Grupa doros\u0142ych<\/b><\/h4>\n<h6><span style=\"color: #333399;\"><b>Hala MOSiR Zabrze ul.Matejki 6, 41-800 Zabrze:<\/b><\/span><\/h6>\n<ul>\n<li>wiek: <strong>od 14 lat (m\u0142odzie\u017c i doro\u015bli)<br \/>poniedzia\u0142ek, czwartek<\/strong> godz.18.30-20.00 &#8211; poziom 7.5 (II pi\u0119tro)<br \/>Prowadz\u0105cy:\u00a0 <br \/>Sensei Kamil Krzemi\u0144ski (7 dan AYF )\u00a0 tel.kontaktowy 510-138-77<br \/>Sensei Adam Obierak\u00a0 ( 5 dan AYF) tel.kontaktowy 511-370-614<\/li>\n<\/ul>\n<hr \/>\n<h4><b>Grupy dzieci\u0119ce:<\/b><\/h4>\n<h6><span style=\"color: #333399;\"><b>Hala MOSiR Zabrze ul. Matejki 6, 41-800 Zabrze:<\/b><\/span><\/h6>\n<p><strong>poniedzia\u0142ek, czwartek <\/strong>poziom 7.5 (II pi\u0119tro)\u00a0<\/p>\n<ul>\n<li><b>wiek 8-13 lat<\/b> <span style=\"color: #333333;\">oraz <b>wiek 4-8 lat <\/b><\/span>\u00a0godz.17.30 &#8211; 18.30<\/li>\n<\/ul>\n<p>Prowadz\u0105cy:\u00a0 <br \/>Sensei Kamil Krzemi\u0144ski (7 dan AYF ),\u00a0 tel. kontaktowy 510-138-774<br \/><span style=\"color: #000000;\">Sensei Marek Korbel (5 dan AYF),\u00a0 tel. kontaktowy 601-332-477<\/span><\/p>\n<hr \/>\n<h6><span style=\"color: #333399;\"><b>Zabrze &#8211; Biskupice<br \/><\/b>Szko\u0142a Podstawowa nr 21, <b style=\"font-size: 1em;\">ul. Bytomska 26<\/b><\/span><\/h6>\n<p><strong>wtorek \/ pi\u0105tek<\/strong><\/p>\n<ul>\n<li><b>dzieci do lat 7 &#8211;<\/b> godz. 18:00 \u2013 19:00<span style=\"color: #333333;\">\u00a0<\/span><\/li>\n<li><span style=\"color: #333333;\"><b>dzieci i m\u0142odzie\u017c &#8211; grupa zaawansowana<\/b> &#8211; godz. 19:00 \u2013 20:00\u00a0<\/span><\/li>\n<\/ul>\n<p>Prowadz\u0105cy:\u00a0 <br \/>Sensei Kamil Krzemi\u0144ski (7 dan AYF),\u00a0 tel. kontaktowy 510-138-774<\/p>\n<hr \/>\n<h6><span style=\"color: #333399;\">Zabrze &#8211; Grzybowice<\/span><br \/><span style=\"color: #333399;\">DOK Grzybowice, ul. ks. Badestinusa 60<\/span><\/h6>\n<p><strong>wtorek, czwartek<\/strong><\/p>\n<ul>\n<li><b>dzieci &#8211; grupa m\u0142odsza do lat 7 <\/b>&#8211; godz. 17:00 \u2013 18:00\u00a0<\/li>\n<li><b>dzieci &#8211; grupa starsza od lat 8 <\/b>&#8211; godz. 18:00 \u2013 19:00<\/li>\n<\/ul>\n<p>Prowadz\u0105cy: <br \/><span style=\"font-size: revert;\">Sensei <\/span><strong style=\"font-size: revert;\">Zbyszek Olszewski<\/strong><span style=\"font-size: revert;\"> (3 dan AYF),\u00a0 tel. kontaktowy 731-050-276<\/span><\/p>\n<hr \/>\n<h6><span style=\"color: #333399;\">Zabrze &#8211; Kopernik<\/span><br \/><span style=\"color: #333399;\">Aquarius (sala fitness), al. Korfantego 18<\/span><\/h6>\n<p><strong>\u015broda, pi\u0105tek<\/strong><\/p>\n<ul>\n<li><b>dzieci i m\u0142odzie\u017c <\/b>&#8211; godz. 17:00 \u2013 18:00\u00a0<\/li>\n<\/ul>\n<p>Prowadz\u0105cy: <br \/><span style=\"color: #000000;\">Sensei Marek Korbel (5 dan AYF ),\u00a0 tel. kontaktowy 601-332-477<\/span><\/p>\n<h4>Treningi w innych miastach:<\/h4>\n<p><strong><a href=\"http:\/\/www.aikidoyoshinkan.pl\/\">http:\/\/www.aikidoyoshinkan.pl\/<\/a><\/strong><\/p>\n<hr \/>\n<p><a href=\"https:\/\/yoshinkan-seiseikai-a.jimdofree.com\/\">Yoshinkan Seiseikai Aikido &#8211; Yokohama<\/a><\/p>\n<p><a href=\"https:\/\/www.aikido-azamino.org\/\">https:\/\/www.aikido-azamino.org\/<\/a><\/p>\n<p><a href=\"https:\/\/www.yoshinkan.net\/\">https:\/\/www.yoshinkan.net\/<\/a><\/p>\n\n\n<p><\/p>\n","protected":false},"excerpt":{"rendered":"<p>Zaj\u0119cia w sezonie 2024\/2025 Yoshinkan Seiseikai Aikido odbywaj\u0105 si\u0119: Grupa doros\u0142ych Hala MOSiR Zabrze ul.Matejki 6, 41-800 Zabrze: wiek: od 14 lat (m\u0142odzie\u017c i doro\u015bli)poniedzia\u0142ek, czwartek godz.18.30-20.00 &#8211; poziom 7.5 (II pi\u0119tro)Prowadz\u0105cy:\u00a0 Sensei Kamil Krzemi\u0144ski (7 dan AYF )\u00a0 tel.kontaktowy 510-138-77Sensei Adam Obierak\u00a0 ( 5 dan AYF) tel.kontaktowy 511-370-614 Grupy dzieci\u0119ce: Hala MOSiR Zabrze ul. &hellip; <a href=\"https:\/\/irimi.pl\/index.php\/treningi-htm\/\" class=\"more-link\">Czytaj dalej <span class=\"screen-reader-text\">Treningi<\/span> <span class=\"meta-nav\">&rarr;<\/span><\/a><\/p>\n","protected":false},"author":2,"featured_media":0,"parent":0,"menu_order":0,"comment_status":"closed","ping_status":"closed","template":"","meta":{"footnotes":""},"class_list":["post-26","page","type-page","status-publish","hentry"],"_links":{"self":[{"href":"https:\/\/irimi.pl\/index.php\/wp-json\/wp\/v2\/pages\/26","targetHints":{"allow":["GET"]}}],"collection":[{"href":"https:\/\/irimi.pl\/index.php\/wp-json\/wp\/v2\/pages"}],"about":[{"href":"https:\/\/irimi.pl\/index.php\/wp-json\/wp\/v2\/types\/page"}],"author":[{"embeddable":true,"href":"https:\/\/irimi.pl\/index.php\/wp-json\/wp\/v2\/users\/2"}],"replies":[{"embeddable":true,"href":"https:\/\/irimi.pl\/index.php\/wp-json\/wp\/v2\/comments?post=26"}],"version-history":[{"count":32,"href":"https:\/\/irimi.pl\/index.php\/wp-json\/wp\/v2\/pages\/26\/revisions"}],"predecessor-version":[{"id":4827,"href":"https:\/\/irimi.pl\/index.php\/wp-json\/wp\/v2\/pages\/26\/revisions\/4827"}],"wp:attachment":[{"href":"https:\/\/irimi.pl\/index.php\/wp-json\/wp\/v2\/media?parent=26"}],"curies":[{"name":"wp","href":"https:\/\/api.w.org\/{rel}","templated":true}]}}