{"id":22,"date":"2018-03-28T23:02:19","date_gmt":"2018-03-28T21:02:19","guid":{"rendered":"http:\/\/irimi.pl\/?page_id=22"},"modified":"2022-01-31T18:33:19","modified_gmt":"2022-01-31T18:33:19","slug":"kontakt-htm","status":"publish","type":"page","link":"https:\/\/irimi.pl\/index.php\/kontakt-htm\/","title":{"rendered":"Kontakt"},"content":{"rendered":"\n<p>Osoby do kontaktu:<\/p>\n\n\n<ul>\n<li>Kamil Krzemi\u0144ski <br \/>Prezes Zarz\u0105du Stowarzyszenia IRIMI<br \/>Telefon kontaktowy: <b>510-138-774 <\/b><br \/>E-mail: <b>kamil.yoshinkan@gmail.com<br \/><br \/><\/b><\/li>\n<li>Alicja Mazur<br \/>Cz\u0142onek Zarz\u0105du Stowarzyszenia IRIMI<br \/>Telefon kontaktowy: <b>691-316-171 <\/b><br \/>E-mail: <b>alicja.mazur@irimi.pl<\/b><\/li>\n<\/ul>\n<p>Bank PeKaO<br \/><strong>12 1240 4849 1111 0010 7857 6589<\/strong><\/p>\n<hr \/>\n<p>Strony organizacji powi\u0105zanych:<\/p>\n<p><a href=\"http:\/\/www.yoshinkan.net\/\">http:\/\/www.yoshinkan.net<\/a> &#8211; strona Aikido Yoshinkan Japan<\/p>\n<p>\u00a0<\/p>","protected":false},"excerpt":{"rendered":"<p>Osoby do kontaktu: Kamil Krzemi\u0144ski Prezes Zarz\u0105du Stowarzyszenia IRIMITelefon kontaktowy: 510-138-774 E-mail: kamil.yoshinkan@gmail.com Alicja MazurCz\u0142onek Zarz\u0105du Stowarzyszenia IRIMITelefon kontaktowy: 691-316-171 E-mail: alicja.mazur@irimi.pl Bank PeKaO12 1240 4849 1111 0010 7857 6589 Strony organizacji powi\u0105zanych: http:\/\/www.yoshinkan.net &#8211; strona Aikido Yoshinkan Japan \u00a0<\/p>\n","protected":false},"author":2,"featured_media":0,"parent":0,"menu_order":0,"comment_status":"closed","ping_status":"closed","template":"","meta":{"footnotes":""},"class_list":["post-22","page","type-page","status-publish","hentry"],"_links":{"self":[{"href":"https:\/\/irimi.pl\/index.php\/wp-json\/wp\/v2\/pages\/22","targetHints":{"allow":["GET"]}}],"collection":[{"href":"https:\/\/irimi.pl\/index.php\/wp-json\/wp\/v2\/pages"}],"about":[{"href":"https:\/\/irimi.pl\/index.php\/wp-json\/wp\/v2\/types\/page"}],"author":[{"embeddable":true,"href":"https:\/\/irimi.pl\/index.php\/wp-json\/wp\/v2\/users\/2"}],"replies":[{"embeddable":true,"href":"https:\/\/irimi.pl\/index.php\/wp-json\/wp\/v2\/comments?post=22"}],"version-history":[{"count":2,"href":"https:\/\/irimi.pl\/index.php\/wp-json\/wp\/v2\/pages\/22\/revisions"}],"predecessor-version":[{"id":2025,"href":"https:\/\/irimi.pl\/index.php\/wp-json\/wp\/v2\/pages\/22\/revisions\/2025"}],"wp:attachment":[{"href":"https:\/\/irimi.pl\/index.php\/wp-json\/wp\/v2\/media?parent=22"}],"curies":[{"name":"wp","href":"https:\/\/api.w.org\/{rel}","templated":true}]}}